{"id":372,"date":"2025-09-29T09:17:32","date_gmt":"2025-09-29T07:17:32","guid":{"rendered":"https:\/\/almanta.io\/terms-of-use\/"},"modified":"2025-10-21T13:48:12","modified_gmt":"2025-10-21T11:48:12","slug":"cgu","status":"publish","type":"page","link":"https:\/\/almanta.io\/fr\/cgu\/","title":{"rendered":"Conditions g\u00e9n\u00e9rales d&rsquo;utilisation"},"content":{"rendered":"\n<style type=\"text\/css\" data-created_by=\"avia_inline_auto\" id=\"style-css-av-p4f3-7a93a42a661f035e351543019d815450\">\n.avia-section.av-p4f3-7a93a42a661f035e351543019d815450{\nbackground-color:#1c3d7f;\nbackground-image:url(https:\/\/almanta.io\/wp-content\/uploads\/2025\/10\/Vague-title.png);\nbackground-repeat:no-repeat;\nbackground-position:100% 100%;\nbackground-attachment:scroll;\n}\n<\/style>\n<div id='prezz'  class='avia-section av-p4f3-7a93a42a661f035e351543019d815450 main_color avia-section-default avia-no-border-styling  avia-builder-el-0  el_before_av_one_full  avia-builder-el-first  avia-bg-style-scroll av-minimum-height av-minimum-height-custom av-height-custom  container_wrap fullsize'  data-section-bg-repeat='no-repeat' data-av_minimum_height_px='170'><div class='container av-section-cont-open' style='height:170px'><main  role=\"main\" itemprop=\"mainContentOfPage\"  class='template-page content  av-content-full alpha units'><div class='post-entry post-entry-type-page post-entry-372'><div class='entry-content-wrapper clearfix'>\n<section  class='av_textblock_section av-mgatetmc-5d0b4b090f560193cbceacb68b168519 '   itemscope=\"itemscope\" itemtype=\"https:\/\/schema.org\/CreativeWork\" ><div class='avia_textblock'  itemprop=\"text\" ><h1>Conditions g\u00e9n\u00e9rales d&rsquo;utilisation<\/h1>\n<\/div><\/section>\n<\/div><\/div><\/main><!-- close content main element --><\/div><\/div><div id='after_section_1'  class='main_color av_default_container_wrap container_wrap fullsize'  ><div class='container av-section-cont-open' ><div class='template-page content  av-content-full alpha units'><div class='post-entry post-entry-type-page post-entry-372'><div class='entry-content-wrapper clearfix'>\n<div  id=\"txt-legaletc\"  class='flex_column av-uj3f-e4f67175d1524802090baecb55d9bb55 av_one_full  avia-builder-el-2  el_after_av_section  el_before_av_one_full  avia-builder-el-first  first flex_column_div  '     ><section  class='av_textblock_section av-mgb9kfgi-733b230aeb6004a8ad0b46298ee96d1a '   itemscope=\"itemscope\" itemtype=\"https:\/\/schema.org\/CreativeWork\" ><div class='avia_textblock'  itemprop=\"text\" ><h3>1. Objet<\/h3>\n<p>Les pr\u00e9sentes Conditions d\u2019utilisation d\u00e9finissent les modalit\u00e9s selon lesquelles les utilisateurs peuvent acc\u00e9der au site web d\u2019Almanta Limited et l\u2019utiliser.<br \/>\nEn acc\u00e9dant \u00e0 ce site, vous acceptez pleinement ces Conditions d\u2019utilisation.<\/p>\n<h3>2. Acc\u00e8s au site<\/h3>\n<p>Le site web est accessible gratuitement depuis n\u2019importe quel endroit par tout utilisateur disposant d\u2019un acc\u00e8s \u00e0 Internet. Tous les frais li\u00e9s \u00e0 l\u2019acc\u00e8s au service (mat\u00e9riel, logiciels, connexion Internet) sont \u00e0 la charge de l\u2019utilisateur.<br \/>\nAlmanta Limited se r\u00e9serve le droit d\u2019interrompre ou de suspendre l\u2019acc\u00e8s au site sans pr\u00e9avis, pour des raisons de maintenance ou pour tout autre motif.<\/p>\n<h3>3. Propri\u00e9t\u00e9 intellectuelle<\/h3>\n<p>L\u2019ensemble du contenu pr\u00e9sent sur ce site (textes, images, graphiques, logos, ic\u00f4nes, etc.) est prot\u00e9g\u00e9 par les lois relatives \u00e0 la propri\u00e9t\u00e9 intellectuelle et appartient exclusivement \u00e0 Almanta Limited, sauf indication contraire.<br \/>\nToute reproduction, repr\u00e9sentation, modification, publication ou adaptation, totale ou partielle, de tout \u00e9l\u00e9ment du site, par quelque moyen ou proc\u00e9d\u00e9 que ce soit, est interdite sans l\u2019autorisation \u00e9crite pr\u00e9alable d\u2019Almanta Limited.<\/p>\n<h3>4. Responsabilit\u00e9<\/h3>\n<p>Almanta Limited s\u2019efforce de fournir des informations exactes et \u00e0 jour. Cependant, des erreurs ou omissions peuvent survenir.<br \/>\nL\u2019utilisateur est seul responsable de la bonne utilisation des informations fournies sur le site.<br \/>\nAlmanta Limited ne saurait \u00eatre tenue responsable des dommages directs ou indirects r\u00e9sultant de l\u2019utilisation du site web.<br \/>\nLe site peut contenir des liens vers des sites tiers. Almanta Limited ne peut \u00eatre tenue responsable de leur contenu.<\/p>\n<h3>5. Donn\u00e9es personnelles<\/h3>\n<p>Les donn\u00e9es personnelles collect\u00e9es via les formulaires de contact sont trait\u00e9es exclusivement par Almanta Limited afin de r\u00e9pondre aux demandes des utilisateurs.<br \/>\nCes donn\u00e9es ne sont jamais partag\u00e9es avec des tiers sans consentement pr\u00e9alable.<br \/>\nConform\u00e9ment au R\u00e8glement G\u00e9n\u00e9ral sur la Protection des Donn\u00e9es (RGPD), vous disposez d\u2019un droit d\u2019acc\u00e8s, de rectification et de suppression de vos donn\u00e9es personnelles. Pour exercer ce droit, veuillez contacter : contact@almanta.io<\/p>\n<h3>6. Droit applicable<\/h3>\n<p>Les pr\u00e9sentes Conditions d\u2019utilisation sont r\u00e9gies par les lois de la R\u00e9gion Administrative Sp\u00e9ciale de Hong Kong (Hong Kong S.A.R.).<br \/>\nTout litige relatif \u00e0 l\u2019interpr\u00e9tation ou \u00e0 l\u2019ex\u00e9cution de ces conditions rel\u00e8ve de la comp\u00e9tence exclusive des tribunaux comp\u00e9tents de Hong Kong S.A.R.<\/p>\n<\/div><\/section><\/div>\n<div  id=\"discuss-project\"  class='flex_column av-av_one_full-407fb203901af03fe271ef660f717914 av_one_full  avia-builder-el-4  el_after_av_one_full  avia-builder-el-last  first flex_column_div  column-top-margin'     ><section  class='av_textblock_section av-av_textblock-05ef3a13775c2ecdebdb401175b35112 '   itemscope=\"itemscope\" itemtype=\"https:\/\/schema.org\/CreativeWork\" ><div class='avia_textblock'  itemprop=\"text\" ><h2>Notre force ?<\/h2>\n<p><strong>Une capacit\u00e9 d\u2019intervention internationale, rapide et flexible<\/strong>, alli\u00e9e \u00e0 une expertise technique de haut niveau d\u00e9di\u00e9e aux infrastructures a\u00e9roportuaires<\/p>\n<div  class='avia-button-wrap av-av_button-556595a07d87bae637940b3c6c21929b-wrap avia-button-center  avia-builder-el-6  avia-builder-el-no-sibling '><a href='https:\/\/almanta.io\/fr\/contact\/'  class='avia-button av-av_button-556595a07d87bae637940b3c6c21929b av-link-btn avia-icon_select-no avia-size-medium avia-position-center avia-color-theme-color'   aria-label=\"Discutons de votre projet\"><span class='avia_iconbox_title' >Discutons de votre projet<\/span><\/a><\/div>\n<\/div><\/section><\/div>\n","protected":false},"excerpt":{"rendered":"","protected":false},"author":1,"featured_media":0,"parent":0,"menu_order":0,"comment_status":"closed","ping_status":"closed","template":"","meta":{"footnotes":""},"class_list":["post-372","page","type-page","status-publish","hentry"],"_links":{"self":[{"href":"https:\/\/almanta.io\/fr\/wp-json\/wp\/v2\/pages\/372","targetHints":{"allow":["GET"]}}],"collection":[{"href":"https:\/\/almanta.io\/fr\/wp-json\/wp\/v2\/pages"}],"about":[{"href":"https:\/\/almanta.io\/fr\/wp-json\/wp\/v2\/types\/page"}],"author":[{"embeddable":true,"href":"https:\/\/almanta.io\/fr\/wp-json\/wp\/v2\/users\/1"}],"replies":[{"embeddable":true,"href":"https:\/\/almanta.io\/fr\/wp-json\/wp\/v2\/comments?post=372"}],"version-history":[{"count":6,"href":"https:\/\/almanta.io\/fr\/wp-json\/wp\/v2\/pages\/372\/revisions"}],"predecessor-version":[{"id":387,"href":"https:\/\/almanta.io\/fr\/wp-json\/wp\/v2\/pages\/372\/revisions\/387"}],"wp:attachment":[{"href":"https:\/\/almanta.io\/fr\/wp-json\/wp\/v2\/media?parent=372"}],"curies":[{"name":"wp","href":"https:\/\/api.w.org\/{rel}","templated":true}]}}