{"id":367,"date":"2025-09-26T10:51:53","date_gmt":"2025-09-26T08:51:53","guid":{"rendered":"https:\/\/almanta.io\/legal-notices\/"},"modified":"2025-10-21T13:48:00","modified_gmt":"2025-10-21T11:48:00","slug":"mentions-legales","status":"publish","type":"page","link":"https:\/\/almanta.io\/fr\/mentions-legales\/","title":{"rendered":"Mentions l\u00e9gales"},"content":{"rendered":"\n<style type=\"text\/css\" data-created_by=\"avia_inline_auto\" id=\"style-css-av-3qa9-48d0c3934e6bd7b2bdc7e78cc01dc5f0\">\n.avia-section.av-3qa9-48d0c3934e6bd7b2bdc7e78cc01dc5f0{\nbackground-color:#1c3d7f;\nbackground-image:url(https:\/\/almanta.io\/wp-content\/uploads\/2025\/10\/Vague-title.png);\nbackground-repeat:no-repeat;\nbackground-position:100% 100%;\nbackground-attachment:scroll;\n}\n<\/style>\n<div id='prezz'  class='avia-section av-3qa9-48d0c3934e6bd7b2bdc7e78cc01dc5f0 main_color avia-section-default avia-no-border-styling  avia-builder-el-0  el_before_av_one_full  avia-builder-el-first  avia-bg-style-scroll av-minimum-height av-minimum-height-custom av-height-custom  container_wrap fullsize'  data-section-bg-repeat='no-repeat' data-av_minimum_height_px='170'><div class='container av-section-cont-open' style='height:170px'><main  role=\"main\" itemprop=\"mainContentOfPage\"  class='template-page content  av-content-full alpha units'><div class='post-entry post-entry-type-page post-entry-367'><div class='entry-content-wrapper clearfix'>\n<section  class='av_textblock_section av-mgate5dv-4b30a72638c5af7ae20400bd6ada75ef '   itemscope=\"itemscope\" itemtype=\"https:\/\/schema.org\/CreativeWork\" ><div class='avia_textblock'  itemprop=\"text\" ><h1>Mentions l\u00e9gales<\/h1>\n<\/div><\/section>\n<\/div><\/div><\/main><!-- close content main element --><\/div><\/div><div id='after_section_1'  class='main_color av_default_container_wrap container_wrap fullsize'  ><div class='container av-section-cont-open' ><div class='template-page content  av-content-full alpha units'><div class='post-entry post-entry-type-page post-entry-367'><div class='entry-content-wrapper clearfix'>\n<div  id=\"txt-legaletc\"  class='flex_column av-mgb9fyf5-d038c96a134904c54811292697175989 av_one_full  avia-builder-el-2  el_after_av_section  el_before_av_one_full  avia-builder-el-first  first flex_column_div  '     ><section  class='av_textblock_section av-mgb9bjbr-93459c84723a4aaf8dffe4e3a55ea257 '   itemscope=\"itemscope\" itemtype=\"https:\/\/schema.org\/CreativeWork\" ><div class='avia_textblock'  itemprop=\"text\" ><h3>H\u00e9bergement<\/h3>\n<p>Hostinger<br \/>\n61 Lordou Vironos Street, 6023 Larnaca, Chypre<br \/>\nhttps:\/\/www.hostinger.fr\/contact<\/p>\n<h3>Propri\u00e9t\u00e9 intellectuelle<\/h3>\n<p>L\u2019ensemble du contenu disponible sur ce site (textes, images, graphiques, logos, ic\u00f4nes, etc.) est la propri\u00e9t\u00e9 exclusive d\u2019Almanta Limited, sauf indication contraire.<br \/>\nToute reproduction, repr\u00e9sentation, modification, publication ou adaptation, totale ou partielle, de tout \u00e9l\u00e9ment du site, quel que soit le moyen ou le proc\u00e9d\u00e9 utilis\u00e9, est interdite sans autorisation \u00e9crite pr\u00e9alable.<\/p>\n<h3>Responsabilit\u00e9<\/h3>\n<p>Almanta Limited met tout en \u0153uvre pour fournir sur ce site des informations exactes et \u00e0 jour. Cependant, Almanta Limited ne peut \u00eatre tenue responsable des erreurs ou omissions, ni d\u2019une mauvaise utilisation des informations fournies.<br \/>\nCe site web peut contenir des liens vers des sites externes. Almanta Limited n\u2019est pas responsable du contenu de ces sites.<\/p>\n<h3>Donn\u00e9es personnelles<\/h3>\n<p>Les donn\u00e9es collect\u00e9es via les formulaires de ce site sont utilis\u00e9es exclusivement par Almanta Limited pour le traitement des demandes des utilisateurs. Ces informations ne sont jamais transmises \u00e0 des tiers sans consentement pr\u00e9alable.<br \/>\nConform\u00e9ment au R\u00e8glement G\u00e9n\u00e9ral sur la Protection des Donn\u00e9es (RGPD), vous disposez d\u2019un droit d\u2019acc\u00e8s, de rectification et de suppression de vos donn\u00e9es personnelles. Pour exercer ce droit, veuillez contacter : <a href=\"mailto:contact@almanta.io\">contact@almanta.io<\/a><\/p>\n<\/div><\/section><\/div>\n<div  id=\"discuss-project\"  class='flex_column av-av_one_full-407fb203901af03fe271ef660f717914 av_one_full  avia-builder-el-4  el_after_av_one_full  avia-builder-el-last  first flex_column_div  column-top-margin'     ><section  class='av_textblock_section av-av_textblock-05ef3a13775c2ecdebdb401175b35112 '   itemscope=\"itemscope\" itemtype=\"https:\/\/schema.org\/CreativeWork\" ><div class='avia_textblock'  itemprop=\"text\" ><h2>Notre force ?<\/h2>\n<p><strong>Une capacit\u00e9 d\u2019intervention internationale, rapide et flexible<\/strong>, alli\u00e9e \u00e0 une expertise technique de haut niveau d\u00e9di\u00e9e aux infrastructures a\u00e9roportuaires<\/p>\n<div  class='avia-button-wrap av-av_button-556595a07d87bae637940b3c6c21929b-wrap avia-button-center  avia-builder-el-6  avia-builder-el-no-sibling '><a href='https:\/\/almanta.io\/fr\/contact\/'  class='avia-button av-av_button-556595a07d87bae637940b3c6c21929b av-link-btn avia-icon_select-no avia-size-medium avia-position-center avia-color-theme-color'   aria-label=\"Discutons de votre projet\"><span class='avia_iconbox_title' >Discutons de votre projet<\/span><\/a><\/div>\n<\/div><\/section><\/div>\n","protected":false},"excerpt":{"rendered":"","protected":false},"author":1,"featured_media":0,"parent":0,"menu_order":0,"comment_status":"closed","ping_status":"open","template":"","meta":{"footnotes":""},"class_list":["post-367","page","type-page","status-publish","hentry"],"_links":{"self":[{"href":"https:\/\/almanta.io\/fr\/wp-json\/wp\/v2\/pages\/367","targetHints":{"allow":["GET"]}}],"collection":[{"href":"https:\/\/almanta.io\/fr\/wp-json\/wp\/v2\/pages"}],"about":[{"href":"https:\/\/almanta.io\/fr\/wp-json\/wp\/v2\/types\/page"}],"author":[{"embeddable":true,"href":"https:\/\/almanta.io\/fr\/wp-json\/wp\/v2\/users\/1"}],"replies":[{"embeddable":true,"href":"https:\/\/almanta.io\/fr\/wp-json\/wp\/v2\/comments?post=367"}],"version-history":[{"count":4,"href":"https:\/\/almanta.io\/fr\/wp-json\/wp\/v2\/pages\/367\/revisions"}],"predecessor-version":[{"id":385,"href":"https:\/\/almanta.io\/fr\/wp-json\/wp\/v2\/pages\/367\/revisions\/385"}],"wp:attachment":[{"href":"https:\/\/almanta.io\/fr\/wp-json\/wp\/v2\/media?parent=367"}],"curies":[{"name":"wp","href":"https:\/\/api.w.org\/{rel}","templated":true}]}}