{"id":336,"date":"2025-09-29T09:15:43","date_gmt":"2025-09-29T07:15:43","guid":{"rendered":"https:\/\/almanta.io\/contact\/"},"modified":"2025-10-21T13:36:01","modified_gmt":"2025-10-21T11:36:01","slug":"contact","status":"publish","type":"page","link":"https:\/\/almanta.io\/fr\/contact\/","title":{"rendered":"Contact"},"content":{"rendered":"\n<style type=\"text\/css\" data-created_by=\"avia_inline_auto\" id=\"style-css-av-mgarb8ez-088a9f1c9a0a5df0dcd08b2d915c51f3\">\n.avia-section.av-mgarb8ez-088a9f1c9a0a5df0dcd08b2d915c51f3{\nbackground-color:#1c3d7f;\nbackground-image:url(https:\/\/almanta.io\/wp-content\/uploads\/2025\/10\/Vague-title.png);\nbackground-repeat:no-repeat;\nbackground-position:100% 100%;\nbackground-attachment:scroll;\n}\n<\/style>\n<div id='prezz'  class='avia-section av-mgarb8ez-088a9f1c9a0a5df0dcd08b2d915c51f3 main_color avia-section-default avia-no-border-styling  avia-builder-el-0  el_before_av_one_half  avia-builder-el-first  avia-bg-style-scroll av-minimum-height av-minimum-height-custom av-height-custom  container_wrap fullsize'  data-section-bg-repeat='no-repeat' data-av_minimum_height_px='170'><div class='container av-section-cont-open' style='height:170px'><main  role=\"main\" itemprop=\"mainContentOfPage\"  class='template-page content  av-content-full alpha units'><div class='post-entry post-entry-type-page post-entry-336'><div class='entry-content-wrapper clearfix'>\n<section  class='av_textblock_section av-mgara5lq-3432354689f6d706f61317ff988957da '   itemscope=\"itemscope\" itemtype=\"https:\/\/schema.org\/CreativeWork\" ><div class='avia_textblock'  itemprop=\"text\" ><h1>Contact<\/h1>\n<\/div><\/section>\n<\/div><\/div><\/main><!-- close content main element --><\/div><\/div><div id='after_section_1'  class='main_color av_default_container_wrap container_wrap fullsize'  ><div class='container av-section-cont-open' ><div class='template-page content  av-content-full alpha units'><div class='post-entry post-entry-type-page post-entry-336'><div class='entry-content-wrapper clearfix'><div class='flex_column_table av-mgarvfc8-02cd8b0db83e69809607878c9d9bcbdb sc-av_one_half av-equal-height-column-flextable'><div  class='flex_column av-mgarvfc8-02cd8b0db83e69809607878c9d9bcbdb av_one_half  avia-builder-el-2  el_after_av_section  el_before_av_one_half  avia-builder-el-first  first no_margin flex_column_table_cell av-equal-height-column av-align-middle av-hide-on-mobile  '     ><style type=\"text\/css\" data-created_by=\"avia_inline_auto\" id=\"style-css-av-mgarfdu2-0f6676d8b60a87978a330f6e995ad819\">\n.avia-image-container.av-mgarfdu2-0f6676d8b60a87978a330f6e995ad819 img.avia_image{\nbox-shadow:none;\n}\n.avia-image-container.av-mgarfdu2-0f6676d8b60a87978a330f6e995ad819 .av-image-caption-overlay-center{\ncolor:#ffffff;\n}\n<\/style>\n<div  class='avia-image-container av-mgarfdu2-0f6676d8b60a87978a330f6e995ad819 av-styling- avia_animated_image av-animated-when-visible-95 fade-in avia-align-center  avia-builder-el-3  avia-builder-el-no-sibling '   itemprop=\"image\" itemscope=\"itemscope\" itemtype=\"https:\/\/schema.org\/ImageObject\" ><div class=\"avia-image-container-inner\"><div class=\"avia-image-overlay-wrap\"><img decoding=\"async\" fetchpriority=\"high\" class='wp-image-334 avia-img-lazy-loading-not-334 avia_image ' src=\"https:\/\/almanta.io\/wp-content\/uploads\/2025\/10\/contact-picture.jpg\" alt='takeoff of an airplane' title='contact-picture'  height=\"2200\" width=\"1210\"  itemprop=\"thumbnailUrl\" srcset=\"https:\/\/almanta.io\/wp-content\/uploads\/2025\/10\/contact-picture.jpg 1210w, https:\/\/almanta.io\/wp-content\/uploads\/2025\/10\/contact-picture-165x300.jpg 165w, https:\/\/almanta.io\/wp-content\/uploads\/2025\/10\/contact-picture-567x1030.jpg 567w, https:\/\/almanta.io\/wp-content\/uploads\/2025\/10\/contact-picture-768x1396.jpg 768w, https:\/\/almanta.io\/wp-content\/uploads\/2025\/10\/contact-picture-845x1536.jpg 845w, https:\/\/almanta.io\/wp-content\/uploads\/2025\/10\/contact-picture-1126x2048.jpg 1126w, https:\/\/almanta.io\/wp-content\/uploads\/2025\/10\/contact-picture-825x1500.jpg 825w, https:\/\/almanta.io\/wp-content\/uploads\/2025\/10\/contact-picture-388x705.jpg 388w\" sizes=\"(max-width: 1210px) 100vw, 1210px\" \/><\/div><\/div><\/div><\/div><\/p>\n<div  id=\"Right-colonne-prez\"  class='flex_column av-uc5c-bf7e6b1d35f13d91d8222f0a450577da av_one_half  avia-builder-el-4  el_after_av_one_half  el_before_av_one_half  no_margin flex_column_table_cell av-equal-height-column av-align-middle  '     ><section  id=\"prez-gris\"  class='av_textblock_section av-mgarh8ov-37f65d58dd0bfa24e244d12fb85428fe '   itemscope=\"itemscope\" itemtype=\"https:\/\/schema.org\/CreativeWork\" ><div class='avia_textblock'  itemprop=\"text\" ><h5><strong>Un projet, une question ? Parlons-en.<\/strong><br \/>\n\u261e Contactez-nous d\u00e8s aujourd\u2019hui pour discuter de vos besoins.<\/h5>\n<\/div><\/section><br \/>\n<section  class='av_textblock_section av-mgaryax0-cb5a86137f7afefaa1ca9760895fdc76 '   itemscope=\"itemscope\" itemtype=\"https:\/\/schema.org\/CreativeWork\" ><div class='avia_textblock contact-titre'  itemprop=\"text\" ><h2>Formulaire de contact<\/h2>\n<\/div><\/section><br \/>\n<form action=\"https:\/\/almanta.io\/fr\/contact\/\" method=\"post\" data-fields-with-error=\"Erreurs trouv\u00e9es dans les champs suivants :\" class=\"avia_ajax_form av-form-labels-visible   avia-builder-el-7  el_after_av_textblock  avia-builder-el-last   \" data-avia-form-id=\"1\" data-avia-redirect=''  aria-label='Formulaire de contact' ><fieldset><p class='  first_form  form_element form_element_half' id='element_avia_1_1'><label for=\"avia_1_1\">Nom <abbr class=\"required\" title=\"requis(e)\">*<\/abbr><\/label> <input name=\"avia_1_1\" class=\"text_input is_empty\" type=\"text\" id=\"avia_1_1\" value=\"\" \/><\/p><p class='  form_element form_element_half' id='element_avia_2_1'><label for=\"avia_2_1\">Poste<\/label> <input name=\"avia_2_1\" class=\"text_input \" type=\"text\" id=\"avia_2_1\" value=\"\" \/><\/p><p class='  first_form  form_element form_element_half' id='element_avia_3_1'><label for=\"avia_3_1\">Email <abbr class=\"required\" title=\"requis(e)\">*<\/abbr><\/label> <input name=\"avia_3_1\" class=\"text_input is_email\" type=\"text\" id=\"avia_3_1\" value=\"\" \/><\/p><p class='  form_element form_element_half' id='element_avia_4_1'><label for=\"avia_4_1\">T\u00e9l\u00e9phone<\/label> <input name=\"avia_4_1\" class=\"text_input \" type=\"text\" id=\"avia_4_1\" value=\"\" \/><\/p><p class='  first_form  form_element form_element_half' id='element_avia_5_1'><label for=\"avia_5_1\">Type de client <abbr class=\"required\" title=\"requis(e)\">*<\/abbr><\/label><select  name=\"avia_5_1\" class=\"select is_empty\" id=\"avia_5_1\"><option   value='Exploitant A\u00e9roport'>Exploitant A\u00e9roport<\/option><option   value='Aviation Civile'>Aviation Civile<\/option><option   value='Institution'>Institution<\/option><option   value='Bureau d\u2019Etude'>Bureau d\u2019Etude<\/option><option   value='Entreprise de Construction'>Entreprise de Construction<\/option><option   value='Autre'>Autre<\/option><\/select><\/p><p class='  form_element form_element_half' id='element_avia_6_1'><label for=\"avia_6_1\">Pays <abbr class=\"required\" title=\"requis(e)\">*<\/abbr><\/label> <input name=\"avia_6_1\" class=\"text_input is_empty\" type=\"text\" id=\"avia_6_1\" value=\"\" \/><\/p><p class='  first_form  form_element form_element_half' id='element_avia_7_1'><label for=\"avia_7_1\">A\u00e9roport <abbr class=\"required\" title=\"requis(e)\">*<\/abbr><\/label> <input name=\"avia_7_1\" class=\"text_input is_empty\" type=\"text\" id=\"avia_7_1\" value=\"\" \/><\/p><p class='  form_element form_element_half' id='element_avia_8_1'><label for=\"avia_8_1\">Expertise <abbr class=\"required\" title=\"requis(e)\">*<\/abbr><\/label><select  name=\"avia_8_1\" class=\"select is_empty\" id=\"avia_8_1\"><option   value='Eclairage'>Eclairage<\/option><option   value='Balisage'>Balisage<\/option><option   value='Energie'>Energie<\/option><\/select><\/p><p class='  first_form  form_element form_element_half' id='element_avia_9_1'><label for=\"avia_9_1\">Type de projet <abbr class=\"required\" title=\"requis(e)\">*<\/abbr><\/label><select  name=\"avia_9_1\" class=\"select is_empty\" id=\"avia_9_1\"><option   value='Audit'>Audit<\/option><option   value='Conception'>Conception<\/option><option   value='Conseil'>Conseil<\/option><option   value='Autre'>Autre<\/option><\/select><\/p><p class='  form_element form_element_half' id='element_avia_10_1'><label for=\"avia_10_1\">O\u00f9 avez-vous entendu parler d\u2019Almanta ?<\/label> <input name=\"avia_10_1\" class=\"text_input \" type=\"text\" id=\"avia_10_1\" value=\"\" \/><\/p><p class='  first_form  form_element form_fullwidth' id='element_avia_11_1'><label for=\"avia_11_1\" class=\"textare_label hidden textare_label_avia_11_1\">D\u00e9crivez votre projet <abbr class=\"required\" title=\"requis(e)\">*<\/abbr><\/label><textarea  name=\"avia_11_1\" class=\"text_area is_empty\" cols=\"40\" rows=\"7\" id=\"avia_11_1\" ><\/textarea><\/p><p class=\"hidden\"><input type=\"text\" name=\"avia_12_1\" class=\"hidden \" id=\"avia_12_1\" value=\"\" \/><\/p><div id='avia_13_1' class='av-recaptcha-area  first_form  form_element form_fullwidth '  data-container_class=\"\" data-custom_class=\"\" data-context=\"av_contact_form\" data-token_input=\"av_recaptcha_token\" data-version=\"avia_recaptcha_v3\" data-theme=\"light\" data-size=\"normal\" data-score=\"0.5\" data-text_to_preview=\"\" data-value=\"\"><div class=\"av-google-badge-message hidden\">Ce site est prot\u00e9g\u00e9 par reCAPTCHA et la <a href=\"https:\/\/policies.google.com\/privacy\">politique de confidentialit\u00e9<\/a> de Google et <a href=\"https:\/\/policies.google.com\/terms\">leur conditions d\u2019utilisation<\/a> s\u2019appliquent.<\/div><\/div><p class=\"form_element \"><input type=\"hidden\" value=\"1\" name=\"avia_generated_form1\" \/><input type=\"submit\" value=\"Envoyer\" class=\"button\"  data-sending-label=\"Envoi\"\/><\/p><\/fieldset><div class=\"avia-disabled-form\">Ce formulaire est d\u00e9sactiv\u00e9 dans la mesure o\u00f9 vous refusez d\u2019accepter le service Google reCAPTCHA n\u00e9cessaire pour valider toute exp\u00e9dition de message depuis celui-ci.<\/div><\/form><div id=\"ajaxresponse_1\" class=\"ajaxresponse ajaxresponse_1 hidden\"><\/div><\/p><\/div><\/div><!--close column table wrapper. Autoclose: 1 --><div class='flex_column_table av-mgat0jwq-4f29bb4abe74662a22af02764838e577 sc-av_one_half av-equal-height-column-flextable'><div  id=\"contact-visu\"  class='flex_column av-mgat0jwq-4f29bb4abe74662a22af02764838e577 av_one_half  avia-builder-el-8  el_after_av_one_half  avia-builder-el-last  first no_margin flex_column_table_cell av-equal-height-column av-align-middle  column-top-margin'     ><style type=\"text\/css\" data-created_by=\"avia_inline_auto\" id=\"style-css-av-yj2o-85cd8c9250ad95bc4266b0a5e1f9b90d\">\n.avia-image-container.av-yj2o-85cd8c9250ad95bc4266b0a5e1f9b90d img.avia_image{\nbox-shadow:none;\n}\n.avia-image-container.av-yj2o-85cd8c9250ad95bc4266b0a5e1f9b90d .av-image-caption-overlay-center{\ncolor:#ffffff;\n}\n<\/style>\n<div  class='avia-image-container av-yj2o-85cd8c9250ad95bc4266b0a5e1f9b90d av-styling- avia_animated_image av-animated-when-visible-95 fade-in avia-align-center  avia-builder-el-9  avia-builder-el-no-sibling '   itemprop=\"image\" itemscope=\"itemscope\" itemtype=\"https:\/\/schema.org\/ImageObject\" ><div class=\"avia-image-container-inner\"><div class=\"avia-image-overlay-wrap\"><img decoding=\"async\" fetchpriority=\"high\" class='wp-image-334 avia-img-lazy-loading-not-334 avia_image ' src=\"https:\/\/almanta.io\/wp-content\/uploads\/2025\/10\/contact-picture.jpg\" alt='takeoff of an airplane' title='contact-picture'  height=\"2200\" width=\"1210\"  itemprop=\"thumbnailUrl\" srcset=\"https:\/\/almanta.io\/wp-content\/uploads\/2025\/10\/contact-picture.jpg 1210w, https:\/\/almanta.io\/wp-content\/uploads\/2025\/10\/contact-picture-165x300.jpg 165w, https:\/\/almanta.io\/wp-content\/uploads\/2025\/10\/contact-picture-567x1030.jpg 567w, https:\/\/almanta.io\/wp-content\/uploads\/2025\/10\/contact-picture-768x1396.jpg 768w, https:\/\/almanta.io\/wp-content\/uploads\/2025\/10\/contact-picture-845x1536.jpg 845w, https:\/\/almanta.io\/wp-content\/uploads\/2025\/10\/contact-picture-1126x2048.jpg 1126w, https:\/\/almanta.io\/wp-content\/uploads\/2025\/10\/contact-picture-825x1500.jpg 825w, https:\/\/almanta.io\/wp-content\/uploads\/2025\/10\/contact-picture-388x705.jpg 388w\" sizes=\"(max-width: 1210px) 100vw, 1210px\" \/><\/div><\/div><\/div><\/div><\/div><!--close column table wrapper. Autoclose: 1 --><\/p>\n","protected":false},"excerpt":{"rendered":"","protected":false},"author":1,"featured_media":0,"parent":0,"menu_order":0,"comment_status":"closed","ping_status":"closed","template":"","meta":{"footnotes":""},"class_list":["post-336","page","type-page","status-publish","hentry"],"_links":{"self":[{"href":"https:\/\/almanta.io\/fr\/wp-json\/wp\/v2\/pages\/336","targetHints":{"allow":["GET"]}}],"collection":[{"href":"https:\/\/almanta.io\/fr\/wp-json\/wp\/v2\/pages"}],"about":[{"href":"https:\/\/almanta.io\/fr\/wp-json\/wp\/v2\/types\/page"}],"author":[{"embeddable":true,"href":"https:\/\/almanta.io\/fr\/wp-json\/wp\/v2\/users\/1"}],"replies":[{"embeddable":true,"href":"https:\/\/almanta.io\/fr\/wp-json\/wp\/v2\/comments?post=336"}],"version-history":[{"count":10,"href":"https:\/\/almanta.io\/fr\/wp-json\/wp\/v2\/pages\/336\/revisions"}],"predecessor-version":[{"id":365,"href":"https:\/\/almanta.io\/fr\/wp-json\/wp\/v2\/pages\/336\/revisions\/365"}],"wp:attachment":[{"href":"https:\/\/almanta.io\/fr\/wp-json\/wp\/v2\/media?parent=336"}],"curies":[{"name":"wp","href":"https:\/\/api.w.org\/{rel}","templated":true}]}}