{"id":310,"date":"2025-09-29T09:13:41","date_gmt":"2025-09-29T07:13:41","guid":{"rendered":"https:\/\/almanta.io\/technical-expertise\/"},"modified":"2025-10-21T14:34:35","modified_gmt":"2025-10-21T12:34:35","slug":"expertises-techniques","status":"publish","type":"page","link":"https:\/\/almanta.io\/fr\/expertises-techniques\/","title":{"rendered":"Expertises techniques"},"content":{"rendered":"\n<style type=\"text\/css\" data-created_by=\"avia_inline_auto\" id=\"style-css-av-mgahhhu4-a82c93608b42e7ad10c15b9d6c6477fc\">\n.avia-section.av-mgahhhu4-a82c93608b42e7ad10c15b9d6c6477fc{\nbackground-color:#f5f5f5;\nbackground-image:url(https:\/\/almanta.io\/wp-content\/uploads\/2025\/10\/vagues-bleues-1.png);\nbackground-repeat:no-repeat;\nbackground-position:100% 100%;\nbackground-attachment:scroll;\n}\n<\/style>\n<div id='prezz'  class='avia-section av-mgahhhu4-a82c93608b42e7ad10c15b9d6c6477fc main_color avia-section-default avia-no-border-styling  avia-builder-el-0  el_before_av_one_full  avia-builder-el-first  gris-titre avia-bg-style-scroll av-minimum-height av-minimum-height-custom av-height-custom  container_wrap fullsize'  data-section-bg-repeat='no-repeat' data-av_minimum_height_px='230'><div class='container av-section-cont-open' style='height:230px'><main  role=\"main\" itemprop=\"mainContentOfPage\"  class='template-page content  av-content-full alpha units'><div class='post-entry post-entry-type-page post-entry-310'><div class='entry-content-wrapper clearfix'>\n<section  id=\"tech-exp-fond\"  class='av_textblock_section av-mgahgrep-bf274cffad4410198925a71196a2121a '   itemscope=\"itemscope\" itemtype=\"https:\/\/schema.org\/CreativeWork\" ><div class='avia_textblock'  itemprop=\"text\" ><h1>Expertises techniques<\/h1>\n<h3>Nous prenons en charge l&rsquo;\u00e9tude, la conception, la conformit\u00e9, la r\u00e9novation et l\u2019optimisation de l\u2019\u00e9clairage des pistes.<\/h3>\n<\/div><\/section>\n<\/div><\/div><\/main><!-- close content main element --><\/div><\/div><div id='after_section_1'  class='main_color av_default_container_wrap container_wrap fullsize'  ><div class='container av-section-cont-open' ><div class='template-page content  av-content-full alpha units'><div class='post-entry post-entry-type-page post-entry-310'><div class='entry-content-wrapper clearfix'>\n<div  class='flex_column av-167m4-683e277507bdf303d842c42615255332 av_one_full  avia-builder-el-2  el_after_av_section  el_before_av_one_full  avia-builder-el-first  first flex_column_div  '     ><\/div>\n<div  id=\"tech-floodlight\"  class='flex_column av-mgajnij0-3c65dde7f3a79aff482b98241518e84e av_one_full  avia-builder-el-4  el_after_av_one_full  el_before_av_one_full  first flex_column_div  column-top-margin'     ><\/div>\n<div  id=\"tech-floodlight\"  class='flex_column av-mgakhn8c-6a2dba1e9ee94f2b796b6b819b09d644 av_one_full  avia-builder-el-6  el_after_av_one_full  el_before_av_section  avia-builder-el-last  bottom-band first flex_column_div  column-top-margin'     ><\/div>\n<\/div><\/div><\/div><!-- close content main div --><\/div><\/div>\n<style type=\"text\/css\" data-created_by=\"avia_inline_auto\" id=\"style-css-av-3ddjc-79ec743f004d87e703b2866531c64fba\">\n.avia-section.av-3ddjc-79ec743f004d87e703b2866531c64fba{\nbackground-color:#223f7e;\nbackground-image:unset;\n}\n<\/style>\n<div id='prez-bleu'  class='avia-section av-3ddjc-79ec743f004d87e703b2866531c64fba main_color avia-section-default avia-no-border-styling  avia-builder-el-8  el_after_av_one_full  el_before_av_one_full  ptit-trai avia-bg-style-scroll container_wrap fullsize'  ><div class='container av-section-cont-open' ><div class='template-page content  av-content-full alpha units'><div class='post-entry post-entry-type-page post-entry-310'><div class='entry-content-wrapper clearfix'>\n<div  class='flex_column av-2hedo-d9ecaea4e20e2fe0868d31bc296c4eb7 av_one_full  avia-builder-el-9  avia-builder-el-no-sibling  first flex_column_div  '     ><div  id=\"references\"  class='avia-button-wrap av-mgaklzeu-1d55ef3f82de39cc036c4de097807b03-wrap avia-button-center  avia-builder-el-10  avia-builder-el-no-sibling '><a href='https:\/\/almanta.io\/fr\/references\/'  class='avia-button av-mgaklzeu-1d55ef3f82de39cc036c4de097807b03 av-link-btn avia-icon_select-no avia-size-medium avia-position-center avia-color-theme-color'   aria-label=\"D\u00e9couvrez nos r\u00e9f\u00e9rences\"><span class='avia_iconbox_title' >D\u00e9couvrez nos r\u00e9f\u00e9rences<\/span><\/a><\/div><\/div><\/div><\/div><\/div><!-- close content main div --><\/div><\/div><div id='after_section_2'  class='main_color av_default_container_wrap container_wrap fullsize'  ><div class='container av-section-cont-open' ><div class='template-page content  av-content-full alpha units'><div class='post-entry post-entry-type-page post-entry-310'><div class='entry-content-wrapper clearfix'><div  id=\"discuss-project\"  class='flex_column av-8ki4-e9315288a7db86a72a0d3163011392c4 av_one_full  avia-builder-el-11  el_after_av_section  avia-builder-el-no-sibling  first flex_column_div  '     ><section  class='av_textblock_section av-19nuc-11944cbb76549b3caf4c0cfae6bbec7f '   itemscope=\"itemscope\" itemtype=\"https:\/\/schema.org\/CreativeWork\" ><div class='avia_textblock'  itemprop=\"text\" ><h2>Note force ?<\/h2>\n<p><strong>Une capacit\u00e9 d&rsquo;intervention internationale, rapide et flexible<\/strong>, alli\u00e9e \u00e0 une expertise technique de haut niveau d\u00e9di\u00e9e aux infrastructures a\u00e9roportuaires.<\/p>\n<div  class='avia-button-wrap av-oa60-8c0022163c6a43e2950ea5e450a4db90-wrap avia-button-center  avia-builder-el-13  avia-builder-el-no-sibling '><a href='https:\/\/almanta.io\/fr\/contact\/'  class='avia-button av-oa60-8c0022163c6a43e2950ea5e450a4db90 av-link-btn avia-icon_select-no avia-size-medium avia-position-center avia-color-theme-color'   aria-label=\"Discutons de votre projet\"><span class='avia_iconbox_title' >Discutons de votre projet<\/span><\/a><\/div>\n<\/div><\/section><\/div><\/p>\n","protected":false},"excerpt":{"rendered":"","protected":false},"author":1,"featured_media":0,"parent":0,"menu_order":0,"comment_status":"closed","ping_status":"closed","template":"","meta":{"footnotes":""},"class_list":["post-310","page","type-page","status-publish","hentry"],"_links":{"self":[{"href":"https:\/\/almanta.io\/fr\/wp-json\/wp\/v2\/pages\/310","targetHints":{"allow":["GET"]}}],"collection":[{"href":"https:\/\/almanta.io\/fr\/wp-json\/wp\/v2\/pages"}],"about":[{"href":"https:\/\/almanta.io\/fr\/wp-json\/wp\/v2\/types\/page"}],"author":[{"embeddable":true,"href":"https:\/\/almanta.io\/fr\/wp-json\/wp\/v2\/users\/1"}],"replies":[{"embeddable":true,"href":"https:\/\/almanta.io\/fr\/wp-json\/wp\/v2\/comments?post=310"}],"version-history":[{"count":16,"href":"https:\/\/almanta.io\/fr\/wp-json\/wp\/v2\/pages\/310\/revisions"}],"predecessor-version":[{"id":423,"href":"https:\/\/almanta.io\/fr\/wp-json\/wp\/v2\/pages\/310\/revisions\/423"}],"wp:attachment":[{"href":"https:\/\/almanta.io\/fr\/wp-json\/wp\/v2\/media?parent=310"}],"curies":[{"name":"wp","href":"https:\/\/api.w.org\/{rel}","templated":true}]}}