{"id":295,"date":"2025-10-02T21:10:08","date_gmt":"2025-10-02T19:10:08","guid":{"rendered":"https:\/\/almanta.io\/services\/"},"modified":"2025-10-21T13:32:35","modified_gmt":"2025-10-21T11:32:35","slug":"services","status":"publish","type":"page","link":"https:\/\/almanta.io\/fr\/services\/","title":{"rendered":"Services"},"content":{"rendered":"\n<style type=\"text\/css\" data-created_by=\"avia_inline_auto\" id=\"style-css-av-mg9gbddn-ebec3ef4e137099f2057e5397758895c\">\n.avia-section.av-mg9gbddn-ebec3ef4e137099f2057e5397758895c{\nbackground-color:#1c3d7f;\nbackground-image:url(https:\/\/almanta.io\/wp-content\/uploads\/2025\/10\/Vague-title.png);\nbackground-repeat:no-repeat;\nbackground-position:100% 100%;\nbackground-attachment:scroll;\n}\n<\/style>\n<div id='prezz'  class='avia-section av-mg9gbddn-ebec3ef4e137099f2057e5397758895c main_color avia-section-default avia-no-border-styling  avia-builder-el-0  el_before_av_one_half  avia-builder-el-first  avia-bg-style-scroll av-minimum-height av-minimum-height-custom av-height-custom  container_wrap fullsize'  data-section-bg-repeat='no-repeat' data-av_minimum_height_px='230'><div class='container av-section-cont-open' style='height:230px'><main  role=\"main\" itemprop=\"mainContentOfPage\"  class='template-page content  av-content-full alpha units'><div class='post-entry post-entry-type-page post-entry-295'><div class='entry-content-wrapper clearfix'>\n<section  class='av_textblock_section av-mg9fxzg8-5fe2ddc3e02dbdb5bbfdb757bf5e7874 '   itemscope=\"itemscope\" itemtype=\"https:\/\/schema.org\/CreativeWork\" ><div class='avia_textblock'  itemprop=\"text\" ><h1>Services<\/h1>\n<h3>Accompagner vos projets de la vision \u00e0 la r\u00e9alisation, en s\u00e9curisant chaque d\u00e9cision<\/h3>\n<\/div><\/section>\n<\/div><\/div><\/main><!-- close content main element --><\/div><\/div><div id='after_section_1'  class='main_color av_default_container_wrap container_wrap fullsize'  ><div class='container av-section-cont-open' ><div class='template-page content  av-content-full alpha units'><div class='post-entry post-entry-type-page post-entry-295'><div class='entry-content-wrapper clearfix'>\n<div class='flex_column_table av-mg9h3767-b9e93d6fba58460876fbc082bae4ecc3 sc-av_one_half av-equal-height-column-flextable'><div  class='flex_column av-mg9h3767-b9e93d6fba58460876fbc082bae4ecc3 av_one_half  avia-builder-el-2  el_after_av_section  el_before_av_one_half  avia-builder-el-first  first no_margin flex_column_table_cell av-equal-height-column av-align-middle  '     ><style type=\"text\/css\" data-created_by=\"avia_inline_auto\" id=\"style-css-av-mg9gkdi4-357f18291ec25529f54d65f391debde7\">\n.avia-image-container.av-mg9gkdi4-357f18291ec25529f54d65f391debde7 img.avia_image{\nbox-shadow:none;\n}\n.avia-image-container.av-mg9gkdi4-357f18291ec25529f54d65f391debde7 .av-image-caption-overlay-center{\ncolor:#ffffff;\n}\n<\/style>\n<div  class='avia-image-container av-mg9gkdi4-357f18291ec25529f54d65f391debde7 av-styling- avia_animated_image av-animated-when-visible-95 fade-in avia-align-center  avia-builder-el-3  avia-builder-el-no-sibling '   itemprop=\"image\" itemscope=\"itemscope\" itemtype=\"https:\/\/schema.org\/ImageObject\" ><div class=\"avia-image-container-inner\"><div class=\"avia-image-overlay-wrap\"><img decoding=\"async\" fetchpriority=\"high\" class='wp-image-291 avia-img-lazy-loading-not-291 avia_image ' src=\"https:\/\/almanta.io\/wp-content\/uploads\/2025\/10\/Airport-planes.jpg\" alt='Airplanes in airport' title='Airport-planes'  height=\"815\" width=\"1100\"  itemprop=\"thumbnailUrl\" srcset=\"https:\/\/almanta.io\/wp-content\/uploads\/2025\/10\/Airport-planes.jpg 1100w, https:\/\/almanta.io\/wp-content\/uploads\/2025\/10\/Airport-planes-300x222.jpg 300w, https:\/\/almanta.io\/wp-content\/uploads\/2025\/10\/Airport-planes-1030x763.jpg 1030w, https:\/\/almanta.io\/wp-content\/uploads\/2025\/10\/Airport-planes-768x569.jpg 768w, https:\/\/almanta.io\/wp-content\/uploads\/2025\/10\/Airport-planes-705x522.jpg 705w\" sizes=\"(max-width: 1100px) 100vw, 1100px\" \/><\/div><\/div><\/div><\/div>\n<div  id=\"Right-colonne-prez\"  class='flex_column av-zswg-d51cea197a533a1dd42cfefb6055ec75 av_one_half  avia-builder-el-4  el_after_av_one_half  el_before_av_one_half  no_margin flex_column_table_cell av-equal-height-column av-align-middle  '     ><section  id=\"prez-txt\"  class='av_textblock_section av-mg9gosbd-d9cdfd0773e8771b74d1bd803270d152 '   itemscope=\"itemscope\" itemtype=\"https:\/\/schema.org\/CreativeWork\" ><div class='avia_textblock decal-titre'  itemprop=\"text\" ><h2>Conseil &#038; AMO<\/h2>\n<p><strong>Accompagner vos projets de la vision \u00e0 la r\u00e9alisation<\/strong>, en s\u00e9curisant chaque d\u00e9cision.<\/p>\n<p>\u261e Conseil strat\u00e9gique, \u00e9tudes de faisabilit\u00e9, r\u00e9daction de CCTP, suivi contractuel, veille r\u00e9glementaire.<\/p>\n<\/div><\/section><br \/>\n<section  id=\"prez-gris\"  class='av_textblock_section av-mg9gpw12-592523e211a89f78404030384bb138c9 '   itemscope=\"itemscope\" itemtype=\"https:\/\/schema.org\/CreativeWork\" ><div class='avia_textblock'  itemprop=\"text\" ><h5><strong>R\u00e9sultat <\/strong>: des projets pilot\u00e9s avec rigueur et transparence, pour des investissements s\u00e9curis\u00e9s.<\/h5>\n<\/div><\/section><\/p><\/div><\/div><!--close column table wrapper. Autoclose: 1 -->\n<div class='flex_column_table av-mg9hq0eg-0583acb69be246109f0b645bef07fb85 sc-av_one_half av-equal-height-column-flextable'><div  id=\"Right-colonne-prez\"  class='flex_column av-mg9hq0eg-0583acb69be246109f0b645bef07fb85 av_one_half  avia-builder-el-7  el_after_av_one_half  el_before_av_one_half  engineering-decal first no_margin flex_column_table_cell av-equal-height-column av-align-middle  column-top-margin'     ><section  id=\"prez-txt\"  class='av_textblock_section av-mg9hptv6-ecfd175f2f5e9f4280484f169c1c8542 '   itemscope=\"itemscope\" itemtype=\"https:\/\/schema.org\/CreativeWork\" ><div class='avia_textblock decal-engineering'  itemprop=\"text\" ><h2>Ing\u00e9nierie &#038; MOE<\/h2>\n<p>De la conception \u00e0 la livraison cl\u00e9 en main, avec une coordination fluide de tous les acteurs.<\/p>\n<p>\u261e Conseil strat\u00e9gique, \u00e9tudes de faisabilit\u00e9, r\u00e9daction de CCTP, suivi contractuel, veille r\u00e9glementaire.<\/p>\n<\/div><\/section><br \/>\n<section  id=\"prez-gris\"  class='av_textblock_section av-mg9syjdf-e32d52c47e107b23b25fe20517a74fa1 '   itemscope=\"itemscope\" itemtype=\"https:\/\/schema.org\/CreativeWork\" ><div class='avia_textblock'  itemprop=\"text\" ><h5><strong>R\u00e9sultat <\/strong>: des projets pilot\u00e9s avec rigueur et transparence, pour des investissements s\u00e9curis\u00e9s.<\/h5>\n<\/div><\/section><\/p><\/div>\n<div  class='flex_column av-3gek8-a1db5075411e4e80b80a59fe10541631 av_one_half  avia-builder-el-10  el_after_av_one_half  el_before_av_one_half  no_margin flex_column_table_cell av-equal-height-column av-align-middle  column-top-margin'     ><style type=\"text\/css\" data-created_by=\"avia_inline_auto\" id=\"style-css-av-mg9ho4wq-dcc0dfa3a04a73bd2cba6e530de58fbe\">\n.avia-image-container.av-mg9ho4wq-dcc0dfa3a04a73bd2cba6e530de58fbe img.avia_image{\nbox-shadow:none;\n}\n.avia-image-container.av-mg9ho4wq-dcc0dfa3a04a73bd2cba6e530de58fbe .av-image-caption-overlay-center{\ncolor:#ffffff;\n}\n<\/style>\n<div  class='avia-image-container av-mg9ho4wq-dcc0dfa3a04a73bd2cba6e530de58fbe av-styling- avia_animated_image av-animated-when-visible-95 fade-in avia-align-center  avia-builder-el-11  avia-builder-el-no-sibling '   itemprop=\"image\" itemscope=\"itemscope\" itemtype=\"https:\/\/schema.org\/ImageObject\" ><div class=\"avia-image-container-inner\"><div class=\"avia-image-overlay-wrap\"><img decoding=\"async\" fetchpriority=\"high\" class='wp-image-292 avia-img-lazy-loading-not-292 avia_image ' src=\"https:\/\/almanta.io\/wp-content\/uploads\/2025\/10\/engineering.jpg\" alt='Terminal by night' title='engineering'  height=\"815\" width=\"1100\"  itemprop=\"thumbnailUrl\" srcset=\"https:\/\/almanta.io\/wp-content\/uploads\/2025\/10\/engineering.jpg 1100w, https:\/\/almanta.io\/wp-content\/uploads\/2025\/10\/engineering-300x222.jpg 300w, https:\/\/almanta.io\/wp-content\/uploads\/2025\/10\/engineering-1030x763.jpg 1030w, https:\/\/almanta.io\/wp-content\/uploads\/2025\/10\/engineering-768x569.jpg 768w, https:\/\/almanta.io\/wp-content\/uploads\/2025\/10\/engineering-705x522.jpg 705w\" sizes=\"(max-width: 1100px) 100vw, 1100px\" \/><\/div><\/div><\/div><\/div><\/div><!--close column table wrapper. Autoclose: 1 -->\n<div class='flex_column_table av-mg9hytjo-bdf6c02dc28661d896f1cbe937ae6f82 sc-av_one_half av-equal-height-column-flextable'><div  class='flex_column av-mg9hytjo-bdf6c02dc28661d896f1cbe937ae6f82 av_one_half  avia-builder-el-12  el_after_av_one_half  el_before_av_one_half  first no_margin flex_column_table_cell av-equal-height-column av-align-middle  column-top-margin'     ><style type=\"text\/css\" data-created_by=\"avia_inline_auto\" id=\"style-css-av-mg9hykcs-2a95ad261fd99d3193fda1c3f08c5465\">\n.avia-image-container.av-mg9hykcs-2a95ad261fd99d3193fda1c3f08c5465 img.avia_image{\nbox-shadow:none;\n}\n.avia-image-container.av-mg9hykcs-2a95ad261fd99d3193fda1c3f08c5465 .av-image-caption-overlay-center{\ncolor:#ffffff;\n}\n<\/style>\n<div  class='avia-image-container av-mg9hykcs-2a95ad261fd99d3193fda1c3f08c5465 av-styling- avia_animated_image av-animated-when-visible-95 fade-in avia-align-center  avia-builder-el-13  avia-builder-el-no-sibling '   itemprop=\"image\" itemscope=\"itemscope\" itemtype=\"https:\/\/schema.org\/ImageObject\" ><div class=\"avia-image-container-inner\"><div class=\"avia-image-overlay-wrap\"><img decoding=\"async\" fetchpriority=\"high\" class='wp-image-293 avia-img-lazy-loading-not-293 avia_image ' src=\"https:\/\/almanta.io\/wp-content\/uploads\/2025\/10\/Travaux.jpg\" alt='' title='Travaux'  height=\"815\" width=\"1100\"  itemprop=\"thumbnailUrl\" srcset=\"https:\/\/almanta.io\/wp-content\/uploads\/2025\/10\/Travaux.jpg 1100w, https:\/\/almanta.io\/wp-content\/uploads\/2025\/10\/Travaux-300x222.jpg 300w, https:\/\/almanta.io\/wp-content\/uploads\/2025\/10\/Travaux-1030x763.jpg 1030w, https:\/\/almanta.io\/wp-content\/uploads\/2025\/10\/Travaux-768x569.jpg 768w, https:\/\/almanta.io\/wp-content\/uploads\/2025\/10\/Travaux-705x522.jpg 705w\" sizes=\"(max-width: 1100px) 100vw, 1100px\" \/><\/div><\/div><\/div><\/div>\n<div  id=\"Right-colonne-prez\"  class='flex_column av-mg9sbssm-502d0c3a8a50de780a90e4c3a6f64ab7 av_one_half  avia-builder-el-14  el_after_av_one_half  el_before_av_section  avia-builder-el-last  no_margin flex_column_table_cell av-equal-height-column av-align-middle  column-top-margin'     ><section  id=\"prez-txt\"  class='av_textblock_section av-mg9i03we-6813b1dd864a15ded0f48881f3d568b2 '   itemscope=\"itemscope\" itemtype=\"https:\/\/schema.org\/CreativeWork\" ><div class='avia_textblock decal-train'  itemprop=\"text\" ><h2>Formation<\/h2>\n<p>Transmettre l\u2019expertise, renforcer durablement les comp\u00e9tences locales.<\/p>\n<p>\u261e Programmes techniques, formations pratiques sur site, guides et m\u00e9thodologies.<\/p>\n<\/div><\/section><br \/>\n<section  id=\"prez-gris\"  class='av_textblock_section av-mg9i0shh-b0c3c3a09c88b18e633c7cc61dbed237 '   itemscope=\"itemscope\" itemtype=\"https:\/\/schema.org\/CreativeWork\" ><div class='avia_textblock'  itemprop=\"text\" ><h5><strong>R\u00e9sultat <\/strong>: des \u00e9quipes autonomes, comp\u00e9tentes et capables d\u2019assurer la p\u00e9rennit\u00e9 des installations.<\/h5>\n<\/div><\/section><\/p><\/div><\/div><!--close column table wrapper. Autoclose: 1 -->\n<\/div><\/div><\/div><!-- close content main div --><\/div><\/div>\n<style type=\"text\/css\" data-created_by=\"avia_inline_auto\" id=\"style-css-av-mg9tnh0n-4abaab9b7cd8a627e926b0ac80387078\">\n.avia-section.av-mg9tnh0n-4abaab9b7cd8a627e926b0ac80387078{\nbackground-color:#223f7e;\nbackground-image:unset;\n}\n<\/style>\n<div id='prez-bleu'  class='avia-section av-mg9tnh0n-4abaab9b7cd8a627e926b0ac80387078 main_color avia-section-default avia-no-border-styling  avia-builder-el-17  el_after_av_one_half  el_before_av_one_full  ptit-trai avia-bg-style-scroll container_wrap fullsize'  ><div class='container av-section-cont-open' ><div class='template-page content  av-content-full alpha units'><div class='post-entry post-entry-type-page post-entry-295'><div class='entry-content-wrapper clearfix'>\n<div  class='flex_column av-mg9tn2sz-fa6ae342b155395c2fd0705efde2d6ff av_one_full  avia-builder-el-18  avia-builder-el-no-sibling  first flex_column_div  '     ><div  class='avia-button-wrap av-9zpxq-8e89ac699871bb22249cd86657561d69-wrap avia-button-center  avia-builder-el-19  avia-builder-el-no-sibling '><a href='https:\/\/almanta.io\/fr\/expertises-techniques\/'  class='avia-button av-9zpxq-8e89ac699871bb22249cd86657561d69 av-link-btn avia-icon_select-no avia-size-medium avia-position-center avia-color-theme-color'   aria-label=\"D\u00e9couvrez nos expertises techniques\"><span class='avia_iconbox_title' >D\u00e9couvrez nos expertises techniques<\/span><\/a><\/div><\/div>\n<\/div><\/div><\/div><!-- close content main div --><\/div><\/div><div id='after_section_2'  class='main_color av_default_container_wrap container_wrap fullsize'  ><div class='container av-section-cont-open' ><div class='template-page content  av-content-full alpha units'><div class='post-entry post-entry-type-page post-entry-295'><div class='entry-content-wrapper clearfix'>\n<div  id=\"discuss-project\"  class='flex_column av-1v0cw-2e6c8aff40ed7593e9b20c59f9543102 av_one_full  avia-builder-el-20  el_after_av_section  avia-builder-el-no-sibling  first flex_column_div  '     ><section  class='av_textblock_section av-5mek-d8aee2c6b11063bddab596d9b4728b7d '   itemscope=\"itemscope\" itemtype=\"https:\/\/schema.org\/CreativeWork\" ><div class='avia_textblock'  itemprop=\"text\" ><h2>Notre force ?<\/h2>\n<p><strong>Une capacit\u00e9 d&rsquo;intervention internationale, rapide et flexible<\/strong>, alli\u00e9e \u00e0 une expertise technique de haut niveau d\u00e9di\u00e9e aux infrastructures a\u00e9roportuaires.<\/p>\n<div  class='avia-button-wrap av-xjq8-a4aa9ee1e1c5c9917bece50757c0c534-wrap avia-button-center  avia-builder-el-22  avia-builder-el-no-sibling '><a href='https:\/\/almanta.io\/fr\/contact\/'  class='avia-button av-xjq8-a4aa9ee1e1c5c9917bece50757c0c534 av-link-btn avia-icon_select-no avia-size-medium avia-position-center avia-color-theme-color'   aria-label=\"Discutons de votre projet\"><span class='avia_iconbox_title' >Discutons de votre projet<\/span><\/a><\/div>\n<\/div><\/section><\/div>\n","protected":false},"excerpt":{"rendered":"","protected":false},"author":1,"featured_media":0,"parent":0,"menu_order":0,"comment_status":"closed","ping_status":"closed","template":"","meta":{"footnotes":""},"class_list":["post-295","page","type-page","status-publish","hentry"],"_links":{"self":[{"href":"https:\/\/almanta.io\/fr\/wp-json\/wp\/v2\/pages\/295","targetHints":{"allow":["GET"]}}],"collection":[{"href":"https:\/\/almanta.io\/fr\/wp-json\/wp\/v2\/pages"}],"about":[{"href":"https:\/\/almanta.io\/fr\/wp-json\/wp\/v2\/types\/page"}],"author":[{"embeddable":true,"href":"https:\/\/almanta.io\/fr\/wp-json\/wp\/v2\/users\/1"}],"replies":[{"embeddable":true,"href":"https:\/\/almanta.io\/fr\/wp-json\/wp\/v2\/comments?post=295"}],"version-history":[{"count":16,"href":"https:\/\/almanta.io\/fr\/wp-json\/wp\/v2\/pages\/295\/revisions"}],"predecessor-version":[{"id":357,"href":"https:\/\/almanta.io\/fr\/wp-json\/wp\/v2\/pages\/295\/revisions\/357"}],"wp:attachment":[{"href":"https:\/\/almanta.io\/fr\/wp-json\/wp\/v2\/media?parent=295"}],"curies":[{"name":"wp","href":"https:\/\/api.w.org\/{rel}","templated":true}]}}