{"id":264,"date":"2025-09-29T09:12:49","date_gmt":"2025-09-29T07:12:49","guid":{"rendered":"https:\/\/almanta.io\/about-us\/"},"modified":"2025-10-21T14:32:49","modified_gmt":"2025-10-21T12:32:49","slug":"a-propos","status":"publish","type":"page","link":"https:\/\/almanta.io\/fr\/a-propos\/","title":{"rendered":"A propos"},"content":{"rendered":"\n<style type=\"text\/css\" data-created_by=\"avia_inline_auto\" id=\"style-css-av-mg9gbddn-ebec3ef4e137099f2057e5397758895c\">\n.avia-section.av-mg9gbddn-ebec3ef4e137099f2057e5397758895c{\nbackground-color:#1c3d7f;\nbackground-image:url(https:\/\/almanta.io\/wp-content\/uploads\/2025\/10\/Vague-title.png);\nbackground-repeat:no-repeat;\nbackground-position:100% 100%;\nbackground-attachment:scroll;\n}\n<\/style>\n<div id='prezz'  class='avia-section av-mg9gbddn-ebec3ef4e137099f2057e5397758895c main_color avia-section-default avia-no-border-styling  avia-builder-el-0  el_before_av_one_half  avia-builder-el-first  avia-bg-style-scroll av-minimum-height av-minimum-height-custom av-height-custom  container_wrap fullsize'  data-section-bg-repeat='no-repeat' data-av_minimum_height_px='230'><div class='container av-section-cont-open' style='height:230px'><main  role=\"main\" itemprop=\"mainContentOfPage\"  class='template-page content  av-content-full alpha units'><div class='post-entry post-entry-type-page post-entry-264'><div class='entry-content-wrapper clearfix'>\n<section  class='av_textblock_section av-mg9fxzg8-5fe2ddc3e02dbdb5bbfdb757bf5e7874 '   itemscope=\"itemscope\" itemtype=\"https:\/\/schema.org\/CreativeWork\" ><div class='avia_textblock'  itemprop=\"text\" ><h1>A propos<\/h1>\n<h3>De la conception \u00e0 la mise en service, une expertise \u00e0 360\u00b0 pour des a\u00e9roports s\u00fbrs, performants et durables<\/h3>\n<\/div><\/section>\n<\/div><\/div><\/main><!-- close content main element --><\/div><\/div><div id='after_section_1'  class='main_color av_default_container_wrap container_wrap fullsize'  ><div class='container av-section-cont-open' ><div class='template-page content  av-content-full alpha units'><div class='post-entry post-entry-type-page post-entry-264'><div class='entry-content-wrapper clearfix'>\n<div class='flex_column_table av-mg9h3767-b9e93d6fba58460876fbc082bae4ecc3 sc-av_one_half av-equal-height-column-flextable'><div  class='flex_column av-mg9h3767-b9e93d6fba58460876fbc082bae4ecc3 av_one_half  avia-builder-el-2  el_after_av_section  el_before_av_one_half  avia-builder-el-first  first no_margin flex_column_table_cell av-equal-height-column av-align-middle  '     ><style type=\"text\/css\" data-created_by=\"avia_inline_auto\" id=\"style-css-av-mg9gkdi4-914d958fdb01e08523297a0fc086b1e6\">\n.avia-image-container.av-mg9gkdi4-914d958fdb01e08523297a0fc086b1e6 img.avia_image{\nbox-shadow:none;\n}\n.avia-image-container.av-mg9gkdi4-914d958fdb01e08523297a0fc086b1e6 .av-image-caption-overlay-center{\ncolor:#ffffff;\n}\n<\/style>\n<div  class='avia-image-container av-mg9gkdi4-914d958fdb01e08523297a0fc086b1e6 av-styling- avia_animated_image av-animated-when-visible-95 fade-in avia-align-center  avia-builder-el-3  avia-builder-el-no-sibling '   itemprop=\"image\" itemscope=\"itemscope\" itemtype=\"https:\/\/schema.org\/ImageObject\" ><div class=\"avia-image-container-inner\"><div class=\"avia-image-overlay-wrap\"><img decoding=\"async\" fetchpriority=\"high\" class='wp-image-260 avia-img-lazy-loading-not-260 avia_image ' src=\"https:\/\/almanta.io\/wp-content\/uploads\/2025\/10\/Piste.jpg\" alt='Runway' title='Piste'  height=\"815\" width=\"1100\"  itemprop=\"thumbnailUrl\" srcset=\"https:\/\/almanta.io\/wp-content\/uploads\/2025\/10\/Piste.jpg 1100w, https:\/\/almanta.io\/wp-content\/uploads\/2025\/10\/Piste-300x222.jpg 300w, https:\/\/almanta.io\/wp-content\/uploads\/2025\/10\/Piste-1030x763.jpg 1030w, https:\/\/almanta.io\/wp-content\/uploads\/2025\/10\/Piste-768x569.jpg 768w, https:\/\/almanta.io\/wp-content\/uploads\/2025\/10\/Piste-705x522.jpg 705w\" sizes=\"(max-width: 1100px) 100vw, 1100px\" \/><\/div><\/div><\/div><\/div>\n<div  id=\"Right-colonne-prez\"  class='flex_column av-zswg-d51cea197a533a1dd42cfefb6055ec75 av_one_half  avia-builder-el-4  el_after_av_one_half  el_before_av_one_half  no_margin flex_column_table_cell av-equal-height-column av-align-middle  '     ><section  id=\"prez-txt\"  class='av_textblock_section av-mg9gosbd-6dc4bd1610dd7c30a631f56f8158f7c4 '   itemscope=\"itemscope\" itemtype=\"https:\/\/schema.org\/CreativeWork\" ><div class='avia_textblock'  itemprop=\"text\" ><h2><strong>Qui sommes-nous<\/strong><\/h2>\n<p>Almanta Limited est <strong>une soci\u00e9t\u00e9 ind\u00e9pendante de conseil, d\u2019ing\u00e9nierie et de formation<\/strong> sp\u00e9cialis\u00e9e dans les syst\u00e8mes a\u00e9roportuaires essentiels : balisage lumineux, \u00e9clairage op\u00e9rationnel et \u00e9nergie.<\/p>\n<p>Active \u00e0 l\u2019international, Almanta s\u2019appuie sur <strong>plus de dix ans d\u2019exp\u00e9rience en ma\u00eetrise d\u2019\u0153uvre (MOE) et assistance \u00e0 ma\u00eetrise d\u2019ouvrage (AMO)<\/strong>, au service des ma\u00eetres d\u2019ouvrage publics comme priv\u00e9s.<\/p>\n<\/div><\/section><br \/>\n<section  id=\"prez-gris\"  class='av_textblock_section av-mg9gpw12-592523e211a89f78404030384bb138c9 '   itemscope=\"itemscope\" itemtype=\"https:\/\/schema.org\/CreativeWork\" ><div class='avia_textblock'  itemprop=\"text\" ><h5><strong>Notre ambition<\/strong> : concevoir, moderniser et fiabiliser des infrastructures qui rendent les a\u00e9roports plus s\u00fbrs, plus performants et plus durables.<\/h5>\n<\/div><\/section><\/p><\/div><\/div><!--close column table wrapper. Autoclose: 1 -->\n<div class='flex_column_table av-mg9hq0eg-05c52f384f99b933c145d4a78a52e7e3 sc-av_one_half av-equal-height-column-flextable'><div  id=\"Right-colonne-prez\"  class='flex_column av-mg9hq0eg-05c52f384f99b933c145d4a78a52e7e3 av_one_half  avia-builder-el-7  el_after_av_one_half  el_before_av_one_half  first no_margin flex_column_table_cell av-equal-height-column av-align-middle  column-top-margin'     ><section  id=\"prez-txt\"  class='av_textblock_section av-mg9hptv6-7e4407d01d8ea4aa9ed3c46233914faf '   itemscope=\"itemscope\" itemtype=\"https:\/\/schema.org\/CreativeWork\" ><div class='avia_textblock'  itemprop=\"text\" ><h2>Notre histoire<\/h2>\n<p>Almanta est n\u00e9e d\u2019une conviction forte : <strong>la s\u00e9curit\u00e9 a\u00e9rienne repose autant sur la fiabilit\u00e9 des infrastructures que sur la transmission du savoir-faire<\/strong>.<\/p>\n<p>Apr\u00e8s avoir accompagn\u00e9 des projets complexes \u00e0 travers le monde, nous avons choisi de cr\u00e9er une structure agile et ind\u00e9pendante, capable de relever les d\u00e9fis des ma\u00eetres d\u2019ouvrage tout en valorisant les comp\u00e9tences locales et en favorisant une approche collaborative.<\/p>\n<div  class='avia-button-wrap av-3opbs-8654e861cb1a79586c260af40be29002-wrap avia-button-left  avia-builder-el-9  avia-builder-el-no-sibling '><a href='https:\/\/almanta.io\/fr\/references\/'  class='avia-button av-3opbs-8654e861cb1a79586c260af40be29002 av-link-btn avia-icon_select-no avia-size-medium avia-position-left avia-color-theme-color'   aria-label=\"En savoir plus\"><span class='avia_iconbox_title' >En savoir plus<\/span><\/a><\/div>\n<\/div><\/section><\/div><div  class='flex_column av-3gek8-a1db5075411e4e80b80a59fe10541631 av_one_half  avia-builder-el-10  el_after_av_one_half  el_before_av_one_half  no_margin flex_column_table_cell av-equal-height-column av-align-middle  column-top-margin'     ><style type=\"text\/css\" data-created_by=\"avia_inline_auto\" id=\"style-css-av-mg9ho4wq-b7dd3e5be2d1ce5242b3ff54344cb49e\">\n.avia-image-container.av-mg9ho4wq-b7dd3e5be2d1ce5242b3ff54344cb49e img.avia_image{\nbox-shadow:none;\n}\n.avia-image-container.av-mg9ho4wq-b7dd3e5be2d1ce5242b3ff54344cb49e .av-image-caption-overlay-center{\ncolor:#ffffff;\n}\n<\/style>\n<div  class='avia-image-container av-mg9ho4wq-b7dd3e5be2d1ce5242b3ff54344cb49e av-styling- av-img-linked avia_animated_image av-animated-when-visible-95 fade-in avia-align-center  avia-builder-el-11  avia-builder-el-no-sibling '   itemprop=\"image\" itemscope=\"itemscope\" itemtype=\"https:\/\/schema.org\/ImageObject\" ><div class=\"avia-image-container-inner\"><div class=\"avia-image-overlay-wrap\"><a href=\"https:\/\/almanta.io\/references\/\" class='avia_image '  aria-label='Airplane'><img decoding=\"async\" fetchpriority=\"high\" class='wp-image-261 avia-img-lazy-loading-not-261 avia_image ' src=\"https:\/\/almanta.io\/wp-content\/uploads\/2025\/10\/Airplane.jpg\" alt='Air plane in a pink sky' title='Airplane'  height=\"815\" width=\"1100\"  itemprop=\"thumbnailUrl\" srcset=\"https:\/\/almanta.io\/wp-content\/uploads\/2025\/10\/Airplane.jpg 1100w, https:\/\/almanta.io\/wp-content\/uploads\/2025\/10\/Airplane-300x222.jpg 300w, https:\/\/almanta.io\/wp-content\/uploads\/2025\/10\/Airplane-1030x763.jpg 1030w, https:\/\/almanta.io\/wp-content\/uploads\/2025\/10\/Airplane-768x569.jpg 768w, https:\/\/almanta.io\/wp-content\/uploads\/2025\/10\/Airplane-705x522.jpg 705w\" sizes=\"(max-width: 1100px) 100vw, 1100px\" \/><\/a><\/div><\/div><\/div><\/div><\/div><!--close column table wrapper. Autoclose: 1 --><\/p>\n<div class='flex_column_table av-mg9hytjo-bdf6c02dc28661d896f1cbe937ae6f82 sc-av_one_half av-equal-height-column-flextable'><div  class='flex_column av-mg9hytjo-bdf6c02dc28661d896f1cbe937ae6f82 av_one_half  avia-builder-el-12  el_after_av_one_half  el_before_av_one_half  first no_margin flex_column_table_cell av-equal-height-column av-align-middle  column-top-margin'     ><style type=\"text\/css\" data-created_by=\"avia_inline_auto\" id=\"style-css-av-mg9hykcs-cd4a6abe8cd61f7e34688444cafd90ff\">\n.avia-image-container.av-mg9hykcs-cd4a6abe8cd61f7e34688444cafd90ff img.avia_image{\nbox-shadow:none;\n}\n.avia-image-container.av-mg9hykcs-cd4a6abe8cd61f7e34688444cafd90ff .av-image-caption-overlay-center{\ncolor:#ffffff;\n}\n<\/style>\n<div  class='avia-image-container av-mg9hykcs-cd4a6abe8cd61f7e34688444cafd90ff av-styling- avia_animated_image av-animated-when-visible-95 fade-in avia-align-center  avia-builder-el-13  avia-builder-el-no-sibling '   itemprop=\"image\" itemscope=\"itemscope\" itemtype=\"https:\/\/schema.org\/ImageObject\" ><div class=\"avia-image-container-inner\"><div class=\"avia-image-overlay-wrap\"><img decoding=\"async\" fetchpriority=\"high\" class='wp-image-262 avia-img-lazy-loading-not-262 avia_image ' src=\"https:\/\/almanta.io\/wp-content\/uploads\/2025\/10\/Airport-lights.jpg\" alt='' title='Airport-lights'  height=\"815\" width=\"1100\"  itemprop=\"thumbnailUrl\" srcset=\"https:\/\/almanta.io\/wp-content\/uploads\/2025\/10\/Airport-lights.jpg 1100w, https:\/\/almanta.io\/wp-content\/uploads\/2025\/10\/Airport-lights-300x222.jpg 300w, https:\/\/almanta.io\/wp-content\/uploads\/2025\/10\/Airport-lights-1030x763.jpg 1030w, https:\/\/almanta.io\/wp-content\/uploads\/2025\/10\/Airport-lights-768x569.jpg 768w, https:\/\/almanta.io\/wp-content\/uploads\/2025\/10\/Airport-lights-705x522.jpg 705w\" sizes=\"(max-width: 1100px) 100vw, 1100px\" \/><\/div><\/div><\/div><\/div>\n<div  id=\"Right-colonne-prez\"  class='flex_column av-mg9sbssm-502d0c3a8a50de780a90e4c3a6f64ab7 av_one_half  avia-builder-el-14  el_after_av_one_half  el_before_av_section  avia-builder-el-last  no_margin flex_column_table_cell av-equal-height-column av-align-middle  column-top-margin'     ><section  id=\"prez-txt\"  class='av_textblock_section av-mg9i03we-5b64ecfb05649c7186a39e5ad4d5c71f '   itemscope=\"itemscope\" itemtype=\"https:\/\/schema.org\/CreativeWork\" ><div class='avia_textblock'  itemprop=\"text\" ><h2>Pourquoi nous choisir ?<\/h2>\n<p>Choisir Almanta, c\u2019est b\u00e9n\u00e9ficier :<\/p>\n<ul>\n<li>D\u2019une expertise ind\u00e9pendante : aucun lien avec les fournisseurs, pour garantir des choix techniques objectifs et optimis\u00e9s.<\/li>\n<li>D\u2019une r\u00e9activit\u00e9 \u00e9prouv\u00e9e : une mobilisation rapide de sp\u00e9cialistes capables d\u2019intervenir dans des environnements vari\u00e9s.<\/li>\n<li>D\u2019une approche internationale et locale : une ma\u00eetrise des standards mondiaux (OACI, EASA, FAA) alli\u00e9e \u00e0 une adaptation aux contraintes de chaque terrain.<\/li>\n<li>D\u2019un transfert de savoir-faire durable : des \u00e9quipes locales form\u00e9es et autonomes, garantes de la p\u00e9rennit\u00e9 des installations.<\/li>\n<\/ul>\n<\/div><\/section><br \/>\n<section  id=\"prez-gris\"  class='av_textblock_section av-mg9i0shh-b0c3c3a09c88b18e633c7cc61dbed237 '   itemscope=\"itemscope\" itemtype=\"https:\/\/schema.org\/CreativeWork\" ><div class='avia_textblock'  itemprop=\"text\" ><h5><strong>R\u00e9sultat <\/strong>: des projets s\u00e9curis\u00e9s, adapt\u00e9s et durables, con\u00e7us dans l\u2019int\u00e9r\u00eat exclusif du ma\u00eetre d\u2019ouvrage.<\/h5>\n<\/div><\/section><\/p><\/div><\/div><!--close column table wrapper. Autoclose: 1 -->\n<\/div><\/div><\/div><!-- close content main div --><\/div><\/div>\n<style type=\"text\/css\" data-created_by=\"avia_inline_auto\" id=\"style-css-av-34cos-9005667d1afeb0e1a0c548e4c4dc5788\">\n.avia-section.av-34cos-9005667d1afeb0e1a0c548e4c4dc5788{\nbackground-color:#223f7e;\nbackground-image:unset;\n}\n<\/style>\n<div id='prez-bleu'  class='avia-section av-34cos-9005667d1afeb0e1a0c548e4c4dc5788 main_color avia-section-default avia-no-border-styling  avia-builder-el-17  el_after_av_one_half  el_before_av_one_full  avia-bg-style-scroll container_wrap fullsize'  ><div class='container av-section-cont-open' ><div class='template-page content  av-content-full alpha units'><div class='post-entry post-entry-type-page post-entry-264'><div class='entry-content-wrapper clearfix'>\n<div class='flex_column_table av-2oo3s-53361906fc2b97081164c1524363c1a5 sc-av_one_half av-equal-height-column-flextable'><div  class='flex_column av-2oo3s-53361906fc2b97081164c1524363c1a5 av_one_half  avia-builder-el-18  el_before_av_one_half  avia-builder-el-first  first flex_column_table_cell av-equal-height-column av-align-middle  '     ><section  id=\"prez-txt\"  class='av_textblock_section av-227go-6b1e0072f24e6a335902f909dc381049 '   itemscope=\"itemscope\" itemtype=\"https:\/\/schema.org\/CreativeWork\" ><div class='avia_textblock'  itemprop=\"text\" ><h2>Notre mission<\/h2>\n<p><strong>Concevoir, moderniser et fiabiliser les syst\u00e8mes lumineux et \u00e9nerg\u00e9tiques des a\u00e9roports<\/strong> \u2013 balisage, \u00e9clairage et alimentation \u2013 afin d\u2019assurer la s\u00e9curit\u00e9, la performance et la durabilit\u00e9 des op\u00e9rations a\u00e9riennes.<\/p>\n<p>Nous d\u00e9fendons une approche humaine et collaborative, o\u00f9 l\u2019expertise internationale se conjugue avec la mont\u00e9e en comp\u00e9tences des acteurs locaux.<\/p>\n<\/div><\/section><\/div><div class='av-flex-placeholder'><\/div><div  class='flex_column av-1ag04-79f526e2a020cf4b95e63c7e9c1ff098 av_one_half  avia-builder-el-20  el_after_av_one_half  avia-builder-el-last  flex_column_table_cell av-equal-height-column av-align-middle  '     ><section  id=\"prez-txt\"  class='av_textblock_section av-xkt4-025eb23939c4aadb8da845a0bee21709 '   itemscope=\"itemscope\" itemtype=\"https:\/\/schema.org\/CreativeWork\" ><div class='avia_textblock'  itemprop=\"text\" ><h2>\u00c9quipe &#038; R\u00e9seau<\/h2>\n<p>Almanta s\u2019entoure d\u2019ing\u00e9nieurs, projeteurs sp\u00e9cialis\u00e9s, experts techniques et formateurs, s\u00e9lectionn\u00e9s selon les besoins de chaque projet.<\/p>\n<p>Cette approche nous permet de <strong>proposer des solutions sur mesure, adapt\u00e9es aux standards internationaux comme aux r\u00e9alit\u00e9s locales<\/strong>.<\/p>\n<\/div><\/section><\/div><\/div><!--close column table wrapper. Autoclose: 1 -->\n<\/div><\/div><\/div><!-- close content main div --><\/div><\/div><div id='after_section_2'  class='main_color av_default_container_wrap container_wrap fullsize'  ><div class='container av-section-cont-open' ><div class='template-page content  av-content-full alpha units'><div class='post-entry post-entry-type-page post-entry-264'><div class='entry-content-wrapper clearfix'>\n<div  id=\"discuss-project\"  class='flex_column av-1v0cw-2e6c8aff40ed7593e9b20c59f9543102 av_one_full  avia-builder-el-22  el_after_av_section  avia-builder-el-no-sibling  first flex_column_div  '     ><section  class='av_textblock_section av-5mek-d8aee2c6b11063bddab596d9b4728b7d '   itemscope=\"itemscope\" itemtype=\"https:\/\/schema.org\/CreativeWork\" ><div class='avia_textblock'  itemprop=\"text\" ><h2>Notre force ?<\/h2>\n<p><strong>Une capacit\u00e9 d\u2019intervention internationale, rapide et flexible<\/strong>, alli\u00e9e \u00e0 une expertise technique de haut niveau d\u00e9di\u00e9e aux infrastructures a\u00e9roportuaires<\/p>\n<div  class='avia-button-wrap av-xjq8-a4aa9ee1e1c5c9917bece50757c0c534-wrap avia-button-center  avia-builder-el-24  avia-builder-el-no-sibling '><a href='https:\/\/almanta.io\/fr\/contact\/'  class='avia-button av-xjq8-a4aa9ee1e1c5c9917bece50757c0c534 av-link-btn avia-icon_select-no avia-size-medium avia-position-center avia-color-theme-color'   aria-label=\"Discutons de votre projet\"><span class='avia_iconbox_title' >Discutons de votre projet<\/span><\/a><\/div>\n<\/div><\/section><\/div>\n","protected":false},"excerpt":{"rendered":"","protected":false},"author":1,"featured_media":0,"parent":0,"menu_order":0,"comment_status":"closed","ping_status":"closed","template":"","meta":{"footnotes":""},"class_list":["post-264","page","type-page","status-publish","hentry"],"_links":{"self":[{"href":"https:\/\/almanta.io\/fr\/wp-json\/wp\/v2\/pages\/264","targetHints":{"allow":["GET"]}}],"collection":[{"href":"https:\/\/almanta.io\/fr\/wp-json\/wp\/v2\/pages"}],"about":[{"href":"https:\/\/almanta.io\/fr\/wp-json\/wp\/v2\/types\/page"}],"author":[{"embeddable":true,"href":"https:\/\/almanta.io\/fr\/wp-json\/wp\/v2\/users\/1"}],"replies":[{"embeddable":true,"href":"https:\/\/almanta.io\/fr\/wp-json\/wp\/v2\/comments?post=264"}],"version-history":[{"count":16,"href":"https:\/\/almanta.io\/fr\/wp-json\/wp\/v2\/pages\/264\/revisions"}],"predecessor-version":[{"id":421,"href":"https:\/\/almanta.io\/fr\/wp-json\/wp\/v2\/pages\/264\/revisions\/421"}],"wp:attachment":[{"href":"https:\/\/almanta.io\/fr\/wp-json\/wp\/v2\/media?parent=264"}],"curies":[{"name":"wp","href":"https:\/\/api.w.org\/{rel}","templated":true}]}}