{"id":255,"date":"2025-09-26T10:51:53","date_gmt":"2025-09-26T08:51:53","guid":{"rendered":"https:\/\/almanta.io\/accueil\/"},"modified":"2025-10-21T13:32:08","modified_gmt":"2025-10-21T11:32:08","slug":"accueil","status":"publish","type":"page","link":"https:\/\/almanta.io\/fr\/","title":{"rendered":"Accueil"},"content":{"rendered":"<div id='full_slider_1'  class='avia-fullwidth-slider main_color avia-shadow   avia-builder-el-0  el_before_av_one_half  avia-builder-el-first   container_wrap fullsize'  >\n<style type=\"text\/css\" data-created_by=\"avia_inline_auto\" id=\"style-css-av-mg4x13ab-4261b384645e959c9849591fc0b607b0\">\n@keyframes av_slideshow_img_scale_av-mg4x13ab-4261b384645e959c9849591fc0b607b0 {\n   0% { transform: scale(1); opacity: 1; }\n 100% { transform: scale(1.25); opacity: 1; }\n}\n.avia-slideshow.av-mg4x13ab-4261b384645e959c9849591fc0b607b0 .avia-slideshow-slide.next-active-slide img{\nanimation:av_slideshow_img_scale_av-mg4x13ab-4261b384645e959c9849591fc0b607b0 3s 1 ease-in-out;\ntransform:scale(1.25);\nopacity:1;\n}\n<\/style>\n<div  class='avia-slideshow av-mg4x13ab-4261b384645e959c9849591fc0b607b0 avia-slideshow-no scaling av_slideshow_full avia-fade-slider av-slideshow-ui av-control-default av-slideshow-manual av-loop-once av-loop-manual-endless av-default-height-applied   avia-slideshow-1' data-slideshow-options=\"{&quot;animation&quot;:&quot;fade&quot;,&quot;autoplay&quot;:false,&quot;loop_autoplay&quot;:&quot;once&quot;,&quot;interval&quot;:5,&quot;loop_manual&quot;:&quot;manual-endless&quot;,&quot;autoplay_stopper&quot;:false,&quot;noNavigation&quot;:false,&quot;bg_slider&quot;:false,&quot;keep_padding&quot;:false,&quot;hoverpause&quot;:false,&quot;show_slide_delay&quot;:0}\"  itemprop=\"image\" itemscope=\"itemscope\" itemtype=\"https:\/\/schema.org\/ImageObject\" ><ul class='avia-slideshow-inner ' style='padding-bottom: 43.333333333333%;'><li  class='avia-slideshow-slide av-mg4x13ab-4261b384645e959c9849591fc0b607b0__0  av-single-slide slide-1 slide-odd'><a href=\"https:\/\/almanta.io\/fr\/a-propos\/\"  data-rel='slideshow-1' class='avia-slide-wrap '   ><div class='av-slideshow-caption av-mg4x13ab-4261b384645e959c9849591fc0b607b0__0 caption_fullwidth caption_center'><div class=\"container caption_container\"><div class=\"slideshow_caption\"><div class=\"slideshow_inner_caption\"><div class=\"slideshow_align_caption\"><h2 class='avia-caption-title '  itemprop=\"name\" >Conseil Ing\u00e9nierie Formation<\/h2><div class='avia-caption-content '  itemprop=\"description\" ><h2>De la conception \u00e0 la mise en service, une expertise \u00e0 360\u00b0 pour des a\u00e9roports s\u00fbrs, performants et durables<\/h2>\n<h4>Mettre la lumi\u00e8re au service de la s\u00e9curit\u00e9 a\u00e9rienne<\/h4>\n<h6>En savoir plus<\/h6>\n<\/div><\/div><\/div><\/div><\/div><\/div><img decoding=\"async\" fetchpriority=\"high\" class=\"wp-image-257 avia-img-lazy-loading-not-257\"  src=\"https:\/\/almanta.io\/wp-content\/uploads\/2025\/09\/Airport-1.jpg\" width=\"1980\" height=\"858\" title='Airport' alt=''  itemprop=\"thumbnailUrl\" srcset=\"https:\/\/almanta.io\/wp-content\/uploads\/2025\/09\/Airport-1.jpg 1980w, https:\/\/almanta.io\/wp-content\/uploads\/2025\/09\/Airport-1-300x130.jpg 300w, https:\/\/almanta.io\/wp-content\/uploads\/2025\/09\/Airport-1-1030x446.jpg 1030w, https:\/\/almanta.io\/wp-content\/uploads\/2025\/09\/Airport-1-768x333.jpg 768w, https:\/\/almanta.io\/wp-content\/uploads\/2025\/09\/Airport-1-1536x666.jpg 1536w, https:\/\/almanta.io\/wp-content\/uploads\/2025\/09\/Airport-1-1500x650.jpg 1500w, https:\/\/almanta.io\/wp-content\/uploads\/2025\/09\/Airport-1-705x306.jpg 705w\" sizes=\"(max-width: 1980px) 100vw, 1980px\" \/><\/a><\/li><\/ul><\/div><\/div><div id='after_full_slider_1'  class='main_color av_default_container_wrap container_wrap fullsize'  ><div class='container av-section-cont-open' ><div class='template-page content  av-content-full alpha units'><div class='post-entry post-entry-type-page post-entry-255'><div class='entry-content-wrapper clearfix'>\n<div class='flex_column_table av-mg68wb4m-ea81cd88bec54d9fcf4b9f33395c370a sc-av_one_half av-equal-height-column-flextable'><div  class='flex_column av-mg68wb4m-ea81cd88bec54d9fcf4b9f33395c370a av_one_half  avia-builder-el-1  el_after_av_slideshow_full  el_before_av_one_half  avia-builder-el-first  first no_margin flex_column_table_cell av-equal-height-column av-align-middle  '     ><style type=\"text\/css\" data-created_by=\"avia_inline_auto\" id=\"style-css-av-mg68vw57-e50af18f6e4b8b1fe6a430624c13cfee\">\n.avia-image-container.av-mg68vw57-e50af18f6e4b8b1fe6a430624c13cfee img.avia_image{\nbox-shadow:none;\n}\n.avia-image-container.av-mg68vw57-e50af18f6e4b8b1fe6a430624c13cfee .av-image-caption-overlay-center{\ncolor:#ffffff;\n}\n<\/style>\n<div  class='avia-image-container av-mg68vw57-e50af18f6e4b8b1fe6a430624c13cfee av-styling- av-img-linked avia_animated_image av-animated-when-visible-95 fade-in avia-align-center  avia-builder-el-2  avia-builder-el-no-sibling '   itemprop=\"image\" itemscope=\"itemscope\" itemtype=\"https:\/\/schema.org\/ImageObject\" ><div class=\"avia-image-container-inner\"><div class=\"avia-image-overlay-wrap\"><a href=\"https:\/\/almanta.io\/services\/\" class='avia_image '  aria-label='Avion'><img decoding=\"async\" fetchpriority=\"high\" class='wp-image-253 avia-img-lazy-loading-not-253 avia_image ' src=\"https:\/\/almanta.io\/wp-content\/uploads\/2025\/09\/Plane.jpg\" alt='Avion dans un a\u00e9roport' title='Avion'  height=\"815\" width=\"1100\"  itemprop=\"thumbnailUrl\" srcset=\"https:\/\/almanta.io\/wp-content\/uploads\/2025\/09\/Plane.jpg 1100w, https:\/\/almanta.io\/wp-content\/uploads\/2025\/09\/Plane-300x222.jpg 300w, https:\/\/almanta.io\/wp-content\/uploads\/2025\/09\/Plane-1030x763.jpg 1030w, https:\/\/almanta.io\/wp-content\/uploads\/2025\/09\/Plane-768x569.jpg 768w, https:\/\/almanta.io\/wp-content\/uploads\/2025\/09\/Plane-705x522.jpg 705w\" sizes=\"(max-width: 1100px) 100vw, 1100px\" \/><\/a><\/div><\/div><\/div><\/div>\n<div  id=\"Right-colonne\"  class='flex_column av-mg695m29-090ad04f4a9fcc0c7a5046c83be81744 av_one_half  avia-builder-el-3  el_after_av_one_half  el_before_av_one_half  no_margin flex_column_table_cell av-equal-height-column av-align-middle  '     ><br \/>\n<div  class='avia-button-wrap av-mg6ancpw-c2d7ba0a4f55a5e66bc6add92a412aed-wrap avia_animated_button av-animated-when-visible-95 fade-in avia-button-left  avia-builder-el-5  el_after_av_codeblock  avia-builder-el-last '><a href='https:\/\/almanta.io\/fr\/services\/'  class='avia-button av-mg6ancpw-c2d7ba0a4f55a5e66bc6add92a412aed av-link-btn avia-icon_select-no avia-size-medium avia-position-left avia-color-theme-color'   aria-label=\"En savoir plus\"><span class='avia_iconbox_title' >En savoir plus<\/span><\/a><\/div><\/p><\/div><\/div><!--close column table wrapper. Autoclose: 1 -->\n<div class='flex_column_table av-mg6hkqgh-2f603627efaa8f32d5e30ca33b0200a9 sc-av_one_half av-equal-height-column-flextable'><div  id=\"Left-colonne\"  class='flex_column av-mg6hkqgh-2f603627efaa8f32d5e30ca33b0200a9 av_one_half  avia-builder-el-6  el_after_av_one_half  el_before_av_one_half  first no_margin flex_column_table_cell av-equal-height-column av-align-middle  column-top-margin'     ><br \/>\n<div  class='avia-button-wrap av-mg6i9zgl-5ae507d9feaa5ac927dc5c8b5be18e44-wrap avia_animated_button av-animated-when-visible-95 fade-in avia-button-left  avia-builder-el-8  el_after_av_codeblock  avia-builder-el-last '><a href='https:\/\/almanta.io\/fr\/expertises-techniques\/'  class='avia-button av-mg6i9zgl-5ae507d9feaa5ac927dc5c8b5be18e44 av-link-btn avia-icon_select-no avia-size-medium avia-position-left avia-color-theme-color'   aria-label=\"En savoir plus\"><span class='avia_iconbox_title' >En savoir plus<\/span><\/a><\/div><\/p><\/div>\n<div  class='flex_column av-37oi-5d4ed994c25fb78899c860b8d746df14 av_one_half  avia-builder-el-9  el_after_av_one_half  el_before_av_one_full  no_margin flex_column_table_cell av-equal-height-column av-align-middle  column-top-margin'     ><style type=\"text\/css\" data-created_by=\"avia_inline_auto\" id=\"style-css-av-mg6i70vo-8758602af74161c9cbafa62b40a8c4b9\">\n.avia-image-container.av-mg6i70vo-8758602af74161c9cbafa62b40a8c4b9 img.avia_image{\nbox-shadow:none;\n}\n.avia-image-container.av-mg6i70vo-8758602af74161c9cbafa62b40a8c4b9 .av-image-caption-overlay-center{\ncolor:#ffffff;\n}\n<\/style>\n<div  class='avia-image-container av-mg6i70vo-8758602af74161c9cbafa62b40a8c4b9 av-styling- av-img-linked avia_animated_image av-animated-when-visible-95 fade-in avia-align-center  avia-builder-el-10  avia-builder-el-no-sibling '   itemprop=\"image\" itemscope=\"itemscope\" itemtype=\"https:\/\/schema.org\/ImageObject\" ><div class=\"avia-image-container-inner\"><div class=\"avia-image-overlay-wrap\"><a href=\"\/expertise-technique\" class='avia_image '  aria-label='Lumi\u00e8res'><img decoding=\"async\" fetchpriority=\"high\" class='wp-image-254 avia-img-lazy-loading-not-254 avia_image ' src=\"https:\/\/almanta.io\/wp-content\/uploads\/2025\/09\/Lights.jpg\" alt='Balises de guidage d&#039;a\u00e9rodrome' title='Lumi\u00e8res'  height=\"983\" width=\"1100\"  itemprop=\"thumbnailUrl\" srcset=\"https:\/\/almanta.io\/wp-content\/uploads\/2025\/09\/Lights.jpg 1100w, https:\/\/almanta.io\/wp-content\/uploads\/2025\/09\/Lights-300x268.jpg 300w, https:\/\/almanta.io\/wp-content\/uploads\/2025\/09\/Lights-1030x920.jpg 1030w, https:\/\/almanta.io\/wp-content\/uploads\/2025\/09\/Lights-768x686.jpg 768w, https:\/\/almanta.io\/wp-content\/uploads\/2025\/09\/Lights-705x630.jpg 705w\" sizes=\"(max-width: 1100px) 100vw, 1100px\" \/><\/a><\/div><\/div><\/div><\/div><\/div><!--close column table wrapper. Autoclose: 1 -->\n<div  id=\"discuss-project\"  class='flex_column av-mg6q2x58-3374a5c93b836777efba4778978967f1 av_one_full  avia-builder-el-11  el_after_av_one_half  avia-builder-el-last  first flex_column_div  column-top-margin'     ><section  class='av_textblock_section av-mg6q1kau-6173827b76fc4e92d40626ea1d5b51f5 '   itemscope=\"itemscope\" itemtype=\"https:\/\/schema.org\/CreativeWork\" ><div class='avia_textblock'  itemprop=\"text\" ><h2>Notre force ?<\/h2>\n<p><strong>Une capacit\u00e9 d&rsquo;intervention internationale, rapide et flexible<\/strong>, alli\u00e9e \u00e0 une expertise technique de haut niveau d\u00e9di\u00e9e aux infrastructures a\u00e9roportuaires<\/p>\n<div  class='avia-button-wrap av-2fvo-fdddf774c51ed2658ac42adc0fa8b842-wrap avia-button-center  avia-builder-el-13  avia-builder-el-no-sibling '><a href='https:\/\/almanta.io\/fr\/contact\/'  class='avia-button av-2fvo-fdddf774c51ed2658ac42adc0fa8b842 av-link-btn avia-icon_select-no avia-size-medium avia-position-center avia-color-theme-color'   aria-label=\"Discutons de votre projet\"><span class='avia_iconbox_title' >Discutons de votre projet<\/span><\/a><\/div>\n<\/div><\/section><\/div>\n","protected":false},"excerpt":{"rendered":"","protected":false},"author":1,"featured_media":0,"parent":0,"menu_order":0,"comment_status":"closed","ping_status":"open","template":"","meta":{"footnotes":""},"class_list":["post-255","page","type-page","status-publish","hentry"],"_links":{"self":[{"href":"https:\/\/almanta.io\/fr\/wp-json\/wp\/v2\/pages\/255","targetHints":{"allow":["GET"]}}],"collection":[{"href":"https:\/\/almanta.io\/fr\/wp-json\/wp\/v2\/pages"}],"about":[{"href":"https:\/\/almanta.io\/fr\/wp-json\/wp\/v2\/types\/page"}],"author":[{"embeddable":true,"href":"https:\/\/almanta.io\/fr\/wp-json\/wp\/v2\/users\/1"}],"replies":[{"embeddable":true,"href":"https:\/\/almanta.io\/fr\/wp-json\/wp\/v2\/comments?post=255"}],"version-history":[{"count":12,"href":"https:\/\/almanta.io\/fr\/wp-json\/wp\/v2\/pages\/255\/revisions"}],"predecessor-version":[{"id":352,"href":"https:\/\/almanta.io\/fr\/wp-json\/wp\/v2\/pages\/255\/revisions\/352"}],"wp:attachment":[{"href":"https:\/\/almanta.io\/fr\/wp-json\/wp\/v2\/media?parent=255"}],"curies":[{"name":"wp","href":"https:\/\/api.w.org\/{rel}","templated":true}]}}